{"id":1643,"date":"2023-03-12T22:30:50","date_gmt":"2023-03-12T19:30:50","guid":{"rendered":"http:\/\/med.vegabyte.tech\/?page_id=1643"},"modified":"2023-04-15T00:06:58","modified_gmt":"2023-04-14T21:06:58","slug":"misyon-vizyon-kalite-politikasi","status":"publish","type":"page","link":"http:\/\/tatvancanhastanesi.com.tr\/ku\/misyon-vizyon-kalite-politikasi\/","title":{"rendered":"Siyaseta M\u00eesyona-V\u00eezyon-Qal\u00eetey\u00ea"},"content":{"rendered":"<div data-elementor-type=\"wp-page\" data-elementor-id=\"1643\" class=\"elementor elementor-1643\">\n\t\t\t\t\t\t\t\t\t<section class=\"elementor-section elementor-top-section elementor-element elementor-element-1b9cf80c elementor-section-boxed elementor-section-height-default elementor-section-height-default\" data-id=\"1b9cf80c\" data-element_type=\"section\">\n\t\t\t\t\t\t<div class=\"elementor-container elementor-column-gap-default\">\n\t\t\t\t\t<div class=\"elementor-column elementor-col-100 elementor-top-column elementor-element elementor-element-3da90246\" data-id=\"3da90246\" data-element_type=\"column\">\n\t\t\t<div class=\"elementor-widget-wrap elementor-element-populated\">\n\t\t\t\t\t\t\t\t<div class=\"elementor-element elementor-element-43e4305b elementor-widget elementor-widget-text-editor\" data-id=\"43e4305b\" data-element_type=\"widget\" data-widget_type=\"text-editor.default\">\n\t\t\t\t<div class=\"elementor-widget-container\">\n\t\t\t<style>\/*! elementor - v3.12.1 - 02-04-2023 *\/\n.elementor-widget-text-editor.elementor-drop-cap-view-stacked .elementor-drop-cap{background-color:#69727d;color:#fff}.elementor-widget-text-editor.elementor-drop-cap-view-framed .elementor-drop-cap{color:#69727d;border:3px solid;background-color:transparent}.elementor-widget-text-editor:not(.elementor-drop-cap-view-default) .elementor-drop-cap{margin-top:8px}.elementor-widget-text-editor:not(.elementor-drop-cap-view-default) .elementor-drop-cap-letter{width:1em;height:1em}.elementor-widget-text-editor .elementor-drop-cap{float:left;text-align:center;line-height:1;font-size:50px}.elementor-widget-text-editor .elementor-drop-cap-letter{display:inline-block}<\/style>\t\t\t\t<p><!-- wp:paragraph --><\/p>\n<p><strong>d\u00eetina me<\/strong><br \/>Ji bo ku di platforma netewey\u00ee de, li gor\u00ee standard\u00ean c\u00eehan\u00ee, li pey n\u00fbjeniy\u00ean hemdem \u00fb n\u00fbjeniy\u00ean p\u00ea\u015feng were naskirin \u00fb ji h\u00eala saziy\u00ean tenduristiy\u00ea y\u00ean din ve wek\u00ee m\u00eenak were girtin, bibe saziyek tenduristiy\u00ea. Ji bo afirandina zinc\u00eerek saziy\u00ean tenduristiy\u00ea ku kal\u00eeteya her\u00ee bilind a l\u00eanih\u00ear\u00eena wekhev ji hem\u00ee nexwe\u015f\u00ean me y\u00ean li hundur \u00fb dervey\u00ee wel\u00eat re peyda dike, ku nexwe\u015f\u00ean me xwe ewle h\u00ees bikin \u00fb hem\u00ee h\u00eaviy\u00ean wan p\u00eak werin.<\/p>\n<p><b>M\u00eesyona me<\/b><br \/>Ji hem\u00fb be\u015f\u00ean civak\u00ea re xizmetguzariya tenduristiy\u00ea ya bi kal\u00eete p\u00ea\u015fk\u00ea\u015f\u00ee nexwe\u015fan bikin, bi afirandina derfet\u00ean kar di sektora tenduristiy\u00ea de ji welat\u00ea xwe re xizmet bikin, p\u00ea\u015fkeftina berdewam a personel\u00ean xwe misoger bikin \u00fb bi dilxwe\u015f\u00ee bi bawer\u00ee bixebitin.<\/p>\n<p><b>Armanc\u00ean Kal\u00eeteya me<br \/><\/b>* Bi n\u00eaz\u00eekatiyeke wekhev \u00fb tevay\u00ee ji her kes\u00ee re xizmet\u00ean tenduristiy\u00ea y\u00ean bi kal\u00eete peyda bikin.<br \/>* Di sektora tenduristiy\u00ea de \u00eest\u00eehdam b\u00ea afirandin.<br \/>* Li gor\u00ee standard\u00ean netewey\u00ee xizmet\u00ean tenduristiy\u00ea p\u00ea\u015fk\u00ea\u015f bikin.<br \/>* Di war\u00ea tenduristiy\u00ea de hem li Tirkiyey\u00ea hem j\u00ee li dervey\u00ee welat zinc\u00eerek nexwe\u015fxaney\u00ean ku d\u00ea bibe p\u00ea\u015feng b\u00ea avakirin.<br \/>* Di nexwe\u015f\u00ee \u00fb tenduristiy\u00ea de ji bo hem\u00fb mirov\u00ean ku em ji wan re xizmet\u00ea dikin re jiyanek bilind peyda bikin.<br \/>* Ji bo afirandina j\u00eengehek xebat\u00ea ku t\u00ea de hezkirin \u00fb r\u00eazgirtin zede be \u00fb hem\u00fb karmend ji xizmeta ku t\u00ea day\u00een raz\u00ee bin.<\/p>\n<p><b>Nirx\u00ean me<\/b><br \/>* Cih\u00ea kar \u00fb qada kar\u00fbbar\u00ea p\u00eabawer<br \/>* Xizmeta tenduristiy\u00ea ya adil<br \/>* Veb\u00fbna ji n\u00fbb\u00fbn\u00ea re<br \/>* Pabendb\u00fbna bi et\u00eeka bij\u00eejk\u00ee<br \/>* R\u00eazgirtina maf\u00ean nexwe\u015f \u00fb xebatkaran<br \/>* J\u00eengehek xebat\u00ea ya bi ruh\u00ea t\u00eem\u00ea<br \/>* P\u00ea\u015fk\u00ea\u015fkirina kar\u00fbbar\u00ea tenduristiy\u00ea bi bandor, bi bandor, bi bandor \u00fb domdar<\/p>\n<p><!-- \/wp:paragraph --><\/p>\t\t\t\t\t\t<\/div>\n\t\t\t\t<\/div>\n\t\t\t\t\t<\/div>\n\t\t<\/div>\n\t\t\t\t\t\t\t<\/div>\n\t\t<\/section>\n\t\t\t\t\t\t\t<\/div>","protected":false},"excerpt":{"rendered":"<p>V\u00eezyona me Em bibin saziyeke tenduristiy\u00ea ku li ser platforma netewey\u00ee t\u00ea naskirin, li gor\u00ee p\u00eevan\u00ean c\u00eehan\u00ee tevdigere, n\u00fbb\u00fbn\u00ean hemdem di\u015fop\u00eene \u00fb p\u00ea\u015fengiya n\u00fbb\u00fbnan dike, \u00fb ji h\u00eala saziy\u00ean din \u00ean tenduristiy\u00ea ve wek\u00ee m\u00eenak t\u00ea girtin. [\u2026]<\/p>","protected":false},"author":1,"featured_media":0,"parent":0,"menu_order":0,"comment_status":"closed","ping_status":"closed","template":"","meta":{"footnotes":""},"class_list":["post-1643","page","type-page","status-publish","hentry"],"aioseo_notices":[],"_links":{"self":[{"href":"http:\/\/tatvancanhastanesi.com.tr\/ku\/wp-json\/wp\/v2\/pages\/1643","targetHints":{"allow":["GET"]}}],"collection":[{"href":"http:\/\/tatvancanhastanesi.com.tr\/ku\/wp-json\/wp\/v2\/pages"}],"about":[{"href":"http:\/\/tatvancanhastanesi.com.tr\/ku\/wp-json\/wp\/v2\/types\/page"}],"author":[{"embeddable":true,"href":"http:\/\/tatvancanhastanesi.com.tr\/ku\/wp-json\/wp\/v2\/users\/1"}],"replies":[{"embeddable":true,"href":"http:\/\/tatvancanhastanesi.com.tr\/ku\/wp-json\/wp\/v2\/comments?post=1643"}],"version-history":[{"count":0,"href":"http:\/\/tatvancanhastanesi.com.tr\/ku\/wp-json\/wp\/v2\/pages\/1643\/revisions"}],"wp:attachment":[{"href":"http:\/\/tatvancanhastanesi.com.tr\/ku\/wp-json\/wp\/v2\/media?parent=1643"}],"curies":[{"name":"wp","href":"https:\/\/api.w.org\/{rel}","templated":true}]}}