{"id":16,"date":"2023-01-26T22:07:41","date_gmt":"2023-01-26T22:07:41","guid":{"rendered":"http:\/\/med.vegabyte.tech\/?page_id=16"},"modified":"2024-12-04T19:48:54","modified_gmt":"2024-12-04T16:48:54","slug":"teknolojiler","status":"publish","type":"page","link":"https:\/\/tatvancanhastanesi.com.tr\/ku\/teknolojiler\/","title":{"rendered":"Technologies"},"content":{"rendered":"<div data-elementor-type=\"wp-page\" data-elementor-id=\"16\" class=\"elementor elementor-16\">\n\t\t\t\t\t\t\t\t\t<section class=\"elementor-section elementor-top-section elementor-element elementor-element-53b818a elementor-section-boxed elementor-section-height-default elementor-section-height-default\" data-id=\"53b818a\" data-element_type=\"section\">\n\t\t\t\t\t\t<div class=\"elementor-container elementor-column-gap-default\">\n\t\t\t\t\t<div class=\"elementor-column elementor-col-100 elementor-top-column elementor-element elementor-element-ec35f62\" data-id=\"ec35f62\" data-element_type=\"column\">\n\t\t\t<div class=\"elementor-widget-wrap elementor-element-populated\">\n\t\t\t\t\t\t\t\t<div class=\"elementor-element elementor-element-428e871 elementor-widget elementor-widget-text-editor\" data-id=\"428e871\" data-element_type=\"widget\" data-widget_type=\"text-editor.default\">\n\t\t\t\t<div class=\"elementor-widget-container\">\n\t\t\t<style>\/*! elementor - v3.12.1 - 02-04-2023 *\/\n.elementor-widget-text-editor.elementor-drop-cap-view-stacked .elementor-drop-cap{background-color:#69727d;color:#fff}.elementor-widget-text-editor.elementor-drop-cap-view-framed .elementor-drop-cap{color:#69727d;border:3px solid;background-color:transparent}.elementor-widget-text-editor:not(.elementor-drop-cap-view-default) .elementor-drop-cap{margin-top:8px}.elementor-widget-text-editor:not(.elementor-drop-cap-view-default) .elementor-drop-cap-letter{width:1em;height:1em}.elementor-widget-text-editor .elementor-drop-cap{float:left;text-align:center;line-height:1;font-size:50px}.elementor-widget-text-editor .elementor-drop-cap-letter{display:inline-block}<\/style>\t\t\t\t<p><strong>Can teknolojiya;\u00a0<\/strong><\/p><p>Hem\u00ee am\u00fbr\u00ean teknoloj\u00eek \u00ean bij\u00eejk\u00ee y\u00ean me y\u00ean li Nexwe\u015fxaneya Taybet a Tatvan Can li j\u00ear t\u00eane navn\u00ee\u015f kirin:<\/p><p><span style=\"font-size: inherit; color: var(--uicore-typography--p-c,'#070707'); font-family: var(--uicore-typography--p-f,'Inter'); font-style: var(--uicore-typography--p-st,'normal'); font-weight: var(--uicore-typography--p-w,'600'); letter-spacing: var(--uicore-typography--p-ls,'-0.027em'); text-transform: var(--uicore-typography--p-t,'none');\">\u00a0 \u00a0 * Ultrasonography<\/span><\/p><p>\u00a0 \u00a0 * Ultrasonografiya p\u00eas\u00eer\u00ea 4D<\/p><p>\u00a0 \u00a0 * Biyopsiya prostat\u00ea<\/p><p>\u00a0 \u00a0 * Mamografya d\u00eej\u00eetal bi Tomosynthesis 3D<\/p><p>\u00a0 \u00a0 * BT-256 Be\u015fa Tomografiy\u00ea<\/p><p>\u00a0 \u00a0 * Dens\u00eetometr\u00eeya hest\u00ee<\/p><p>\u00a0 \u00a0 * Am\u00fbra Exercise<\/p>\t\t\t\t\t\t<\/div>\n\t\t\t\t<\/div>\n\t\t\t\t\t<\/div>\n\t\t<\/div>\n\t\t\t\t\t\t\t<\/div>\n\t\t<\/section>\n\t\t\t\t\t\t\t<\/div>","protected":false},"excerpt":{"rendered":"<p>Teknolojiya jiyan\u00ea; Hem\u00fb alav\u00ean teknoloj\u00eek \u00ean bij\u00ee\u015fk\u00ee y\u00ean me li Nexwe\u015fxaneya Taybet a Tatvan Can li j\u00ear hatine r\u00eazkirin: * Ultrasonografi [\u2026]<\/p>","protected":false},"author":1,"featured_media":0,"parent":0,"menu_order":0,"comment_status":"closed","ping_status":"closed","template":"","meta":{"footnotes":""},"class_list":["post-16","page","type-page","status-publish","hentry"],"aioseo_notices":[],"_links":{"self":[{"href":"https:\/\/tatvancanhastanesi.com.tr\/ku\/wp-json\/wp\/v2\/pages\/16","targetHints":{"allow":["GET"]}}],"collection":[{"href":"https:\/\/tatvancanhastanesi.com.tr\/ku\/wp-json\/wp\/v2\/pages"}],"about":[{"href":"https:\/\/tatvancanhastanesi.com.tr\/ku\/wp-json\/wp\/v2\/types\/page"}],"author":[{"embeddable":true,"href":"https:\/\/tatvancanhastanesi.com.tr\/ku\/wp-json\/wp\/v2\/users\/1"}],"replies":[{"embeddable":true,"href":"https:\/\/tatvancanhastanesi.com.tr\/ku\/wp-json\/wp\/v2\/comments?post=16"}],"version-history":[{"count":3,"href":"https:\/\/tatvancanhastanesi.com.tr\/ku\/wp-json\/wp\/v2\/pages\/16\/revisions"}],"predecessor-version":[{"id":2646,"href":"https:\/\/tatvancanhastanesi.com.tr\/ku\/wp-json\/wp\/v2\/pages\/16\/revisions\/2646"}],"wp:attachment":[{"href":"https:\/\/tatvancanhastanesi.com.tr\/ku\/wp-json\/wp\/v2\/media?parent=16"}],"curies":[{"name":"wp","href":"https:\/\/api.w.org\/{rel}","templated":true}]}}