{"id":1644,"date":"2023-03-12T22:30:50","date_gmt":"2023-03-12T19:30:50","guid":{"rendered":"http:\/\/med.vegabyte.tech\/?page_id=1644"},"modified":"2023-04-15T00:05:52","modified_gmt":"2023-04-14T21:05:52","slug":"insan-kaynaklari","status":"publish","type":"page","link":"https:\/\/tatvancanhastanesi.com.tr\/ku\/insan-kaynaklari\/","title":{"rendered":"\u00c7avkaniy\u00ean Mirovan"},"content":{"rendered":"<div data-elementor-type=\"wp-page\" data-elementor-id=\"1644\" class=\"elementor elementor-1644\">\n\t\t\t\t\t\t\t\t\t<section class=\"elementor-section elementor-top-section elementor-element elementor-element-a2d3bfe elementor-section-boxed elementor-section-height-default elementor-section-height-default\" data-id=\"a2d3bfe\" data-element_type=\"section\">\n\t\t\t\t\t\t<div class=\"elementor-container elementor-column-gap-default\">\n\t\t\t\t\t<div class=\"elementor-column elementor-col-100 elementor-top-column elementor-element elementor-element-c84b52d\" data-id=\"c84b52d\" data-element_type=\"column\">\n\t\t\t<div class=\"elementor-widget-wrap elementor-element-populated\">\n\t\t\t\t\t\t\t\t<div class=\"elementor-element elementor-element-8afff07 elementor-widget elementor-widget-text-editor\" data-id=\"8afff07\" data-element_type=\"widget\" data-widget_type=\"text-editor.default\">\n\t\t\t\t<div class=\"elementor-widget-container\">\n\t\t\t<style>\/*! elementor - v3.12.1 - 02-04-2023 *\/\n.elementor-widget-text-editor.elementor-drop-cap-view-stacked .elementor-drop-cap{background-color:#69727d;color:#fff}.elementor-widget-text-editor.elementor-drop-cap-view-framed .elementor-drop-cap{color:#69727d;border:3px solid;background-color:transparent}.elementor-widget-text-editor:not(.elementor-drop-cap-view-default) .elementor-drop-cap{margin-top:8px}.elementor-widget-text-editor:not(.elementor-drop-cap-view-default) .elementor-drop-cap-letter{width:1em;height:1em}.elementor-widget-text-editor .elementor-drop-cap{float:left;text-align:center;line-height:1;font-size:50px}.elementor-widget-text-editor .elementor-drop-cap-letter{display:inline-block}<\/style>\t\t\t\t<p>Nexwe\u015fxaneya Taybet a Tatvan Can ji h\u00eala t\u00eemek pispor di r\u00eaveberiya \u00e7avkaniy\u00ean mirovan de t\u00ea r\u00eavebirin. Ev t\u00eem\u00ea bi bandor hem\u00ee p\u00eavajoy\u00ean \u00e7avkaniy\u00ean mirov\u00ee y\u00ean nexwe\u015fxaney\u00ea wek\u00ee hilbijartina karmendan, perwerdehiy\u00ea, peydakirin, nirxandina performans\u00ea \u00fb p\u00ea\u015fkeftina karmendan bi r\u00ea ve dibe.<\/p><p>Di hilbijartina personel\u00ean nexwe\u015fxaney\u00ea de, l\u00ean\u00ear\u00een ji bo hilbijartina berendam\u00ean j\u00eahat\u00ee t\u00ea girtin. Li gor\u00ee v\u00ea yek\u00ea, p\u00eavajoya wergirtin\u00ea bi h\u00fbrgul\u00ee t\u00ea me\u015fandin \u00fb j\u00eahat\u00eeb\u00fbn, ezm\u00fbn \u00fb taybetmendiy\u00ean kesane y\u00ean berendaman li ber \u00e7avan t\u00ea girtin.<\/p><p>Nexwe\u015fxaneya Tetwan Can\u00ea ya taybet gir\u00eengiyek mezin dide perwerdekirina personel\u00ean xwe. Ji ber v\u00ea yek\u00ea, karmend\u00ean nexwe\u015fxaney\u00ea bi r\u00eak\u00fbp\u00eak be\u015fdar\u00ee sem\u00eener, konferans \u00fb bernamey\u00ean perwerdehiy\u00ea dibin. Bi v\u00ee reng\u00ee, armanc ew e ku n\u00fbvekirin, n\u00fbvekirin \u00fb p\u00ea\u015fdebirina zan\u00een \u00fb j\u00eahat\u00eeb\u00fbn\u00ean p\u00ee\u015fey\u00ee y\u00ean karmendan.<\/p><p>R\u00eavebiriya \u00e7avkaniy\u00ean mirov\u00ee y\u00ean nexwe\u015fxaney\u00ea di heman dem\u00ea de nirxandina bir\u00eak\u00fbp\u00eak a performansa karmendan j\u00ee vedigire. Bi v\u00ee away\u00ee h\u00eaza personelan t\u00ea diyarkirin \u00fb qelsiy\u00ean wan t\u00ean p\u00ea\u015fxistin. Di heman dem\u00ea de di nirxandina performans\u00ea, xelatkirina personel \u00fb p\u00eavajoy\u00ean plansaziya kariyer\u00ea de j\u00ee t\u00ea bikar an\u00een.<\/p><p>Nexwe\u015fxaneya Tatvan Can\u00ea ya taybet j\u00ee di p\u00ea\u015fve\u00e7\u00fbna personel \u00fb plansaziya kariyer\u00ea de gav\u00ean gir\u00eeng diav\u00eaje. Di v\u00ee war\u00ee de bernamey\u00ean perwerdehiy\u00ea y\u00ean taybet t\u00ean amadekirin, plansaziy\u00ean kariyer\u00ea t\u00ean \u00e7\u00eakirin \u00fb li gor\u00ee \u015fiyan \u00fb berjewendiy\u00ean karmendan derfet t\u00ean p\u00ea\u015fk\u00ea\u015fkirin.<\/p><p>R\u00eaveberiya \u00e7avkaniy\u00ean mirov\u00ee y\u00ean nexwe\u015fxaney\u00ea j\u00ee ji bo raz\u00eeb\u00fbna kar, mot\u00eevasyon \u00fb raz\u00eeb\u00fbna karmendan dixebite. Bi v\u00ee reng\u00ee, t\u00ea pi\u015ftrast kirin ku karmend bi bandortir \u00fb bi bandortir dixebitin.<\/p>\t\t\t\t\t\t<\/div>\n\t\t\t\t<\/div>\n\t\t\t\t\t<\/div>\n\t\t<\/div>\n\t\t\t\t\t\t\t<\/div>\n\t\t<\/section>\n\t\t\t\t\t\t\t<\/div>","protected":false},"excerpt":{"rendered":"<p>Nexwe\u015fxaneya taybet a Tatvan Can ji aliy\u00ea t\u00eemeke pispor di r\u00eaveberiya \u00e7avkaniy\u00ean mirovan de t\u00ea bir\u00eavebirin. Ev t\u00eem berpirsiyar\u00ea hilbijartin, perwerde, peydakirina karmendan, performans\u00ea ya nexwe\u015fxaney\u00ea ye [\u2026]<\/p>","protected":false},"author":1,"featured_media":0,"parent":0,"menu_order":0,"comment_status":"closed","ping_status":"closed","template":"","meta":{"footnotes":""},"class_list":["post-1644","page","type-page","status-publish","hentry"],"aioseo_notices":[],"_links":{"self":[{"href":"https:\/\/tatvancanhastanesi.com.tr\/ku\/wp-json\/wp\/v2\/pages\/1644","targetHints":{"allow":["GET"]}}],"collection":[{"href":"https:\/\/tatvancanhastanesi.com.tr\/ku\/wp-json\/wp\/v2\/pages"}],"about":[{"href":"https:\/\/tatvancanhastanesi.com.tr\/ku\/wp-json\/wp\/v2\/types\/page"}],"author":[{"embeddable":true,"href":"https:\/\/tatvancanhastanesi.com.tr\/ku\/wp-json\/wp\/v2\/users\/1"}],"replies":[{"embeddable":true,"href":"https:\/\/tatvancanhastanesi.com.tr\/ku\/wp-json\/wp\/v2\/comments?post=1644"}],"version-history":[{"count":0,"href":"https:\/\/tatvancanhastanesi.com.tr\/ku\/wp-json\/wp\/v2\/pages\/1644\/revisions"}],"wp:attachment":[{"href":"https:\/\/tatvancanhastanesi.com.tr\/ku\/wp-json\/wp\/v2\/media?parent=1644"}],"curies":[{"name":"wp","href":"https:\/\/api.w.org\/{rel}","templated":true}]}}