{"id":1647,"date":"2023-03-12T22:30:50","date_gmt":"2023-03-12T19:30:50","guid":{"rendered":"http:\/\/med.vegabyte.tech\/?page_id=1647"},"modified":"2023-04-15T00:05:13","modified_gmt":"2023-04-14T21:05:13","slug":"anlasmali-kurumlar","status":"publish","type":"page","link":"https:\/\/tatvancanhastanesi.com.tr\/ku\/anlasmali-kurumlar\/","title":{"rendered":"Saziy\u00ean Peymandar"},"content":{"rendered":"<div data-elementor-type=\"wp-page\" data-elementor-id=\"1647\" class=\"elementor elementor-1647\">\n\t\t\t\t\t\t\t\t\t<section class=\"elementor-section elementor-top-section elementor-element elementor-element-23027c7 elementor-section-boxed elementor-section-height-default elementor-section-height-default\" data-id=\"23027c7\" data-element_type=\"section\">\n\t\t\t\t\t\t<div class=\"elementor-container elementor-column-gap-default\">\n\t\t\t\t\t<div class=\"elementor-column elementor-col-100 elementor-top-column elementor-element elementor-element-a8a739c\" data-id=\"a8a739c\" data-element_type=\"column\">\n\t\t\t<div class=\"elementor-widget-wrap elementor-element-populated\">\n\t\t\t\t\t\t\t\t<div class=\"elementor-element elementor-element-d3a90a9 elementor-widget elementor-widget-text-editor\" data-id=\"d3a90a9\" data-element_type=\"widget\" data-widget_type=\"text-editor.default\">\n\t\t\t\t<div class=\"elementor-widget-container\">\n\t\t\t<style>\/*! elementor - v3.12.1 - 02-04-2023 *\/\n.elementor-widget-text-editor.elementor-drop-cap-view-stacked .elementor-drop-cap{background-color:#69727d;color:#fff}.elementor-widget-text-editor.elementor-drop-cap-view-framed .elementor-drop-cap{color:#69727d;border:3px solid;background-color:transparent}.elementor-widget-text-editor:not(.elementor-drop-cap-view-default) .elementor-drop-cap{margin-top:8px}.elementor-widget-text-editor:not(.elementor-drop-cap-view-default) .elementor-drop-cap-letter{width:1em;height:1em}.elementor-widget-text-editor .elementor-drop-cap{float:left;text-align:center;line-height:1;font-size:50px}.elementor-widget-text-editor .elementor-drop-cap-letter{display:inline-block}<\/style>\t\t\t\t<ul><li>Saziya ewlehiya civak\u00ee ya Bedl\u00ees\u00ea<\/li><li>Perwerdehiya Tirk\u00ee \u2013 \u015eaxa Sen Bitl\u00ees\u00ea<\/li><li>Hem\u00fb \u015fax\u00ean xizmetguzariy\u00ea y\u00ean gir\u00eaday\u00ee send\u00eekaya mem\u00fbr\u00ean Bedl\u00ees\u00ea<\/li><li>Perwerde yek e - h\u00fbn<\/li><li>Ol - h\u00fbn<\/li><li>karmend\u00ea niv\u00eesgeh\u00ea - h\u00fbn<\/li><li>Bem - yek - tu<\/li><li>Toch yek - tu<\/li><li>efser\u00ea veguhastin\u00ea - h\u00fbn<\/li><li>Enerj\u00ee yek - h\u00fbn<\/li><li>N\u00fb\u00e7ey\u00ean Yek\u00eetiy\u00ea - h\u00fbn<\/li><li>tendurust\u00ee - h\u00fbn<\/li><li>Karmend\u00ea gi\u015ft\u00ee - h\u00fbn<\/li><li>Karmend\u00ea \u00e7and\u00ea - h\u00fbn<\/li><li>Odeya Muhasebey\u00ean Serdest a Bedl\u00ees\u00ea<\/li><li>Diva - Yek\u00eetiya ol\u00ee \u00fb weqfa we ya Tirkiyey\u00ea<\/li><li>Yek\u00eetiya Perwerdehiya Welatpar\u00eaz\u00ean \u015eeh\u00eedan<\/li><li>Odeya Bazirgan\u00ee \u00fb P\u00ee\u015fesaz\u00ee ya Bedl\u00ees\u00ea<\/li><li>Serokatiya Baroya Bedl\u00ees\u00ea<\/li><li>Odeya esnaf \u00fb p\u00ee\u015fekar\u00ean Tetwan\u00ea<\/li><li>P\u00eakhatey\u00ean send\u00eekaya karkeran a Tirkiyey\u00ea<\/li><li>Mid\u00fbriyeta Pol\u00eesan a Par\u00eazgeha Bedl\u00ees\u00ea<\/li><li>Mid\u00fbriyeta cendirme ya par\u00eazgeha Bedl\u00ees\u00ea<\/li><\/ul><p>\u00a0<\/p>\t\t\t\t\t\t<\/div>\n\t\t\t\t<\/div>\n\t\t\t\t\t<\/div>\n\t\t<\/div>\n\t\t\t\t\t\t\t<\/div>\n\t\t<\/section>\n\t\t\t\t\t\t\t<\/div>","protected":false},"excerpt":{"rendered":"<p>Saziya Ewlehiya Civak\u00ee ya Bitl\u00ees\u00ea Send\u00eekaya Perwerdehiya Tirkiy\u00ea \u015eaxa Bitl\u00ees\u00ea Hem\u00ee \u015fax\u00ean xizmet\u00ea y\u00ean gir\u00eaday\u00ee send\u00eekaya karmend\u00ean siv\u00eel \u00ean Bitl\u00ees\u00ea Send\u00eekaya Perwerdehiy\u00ea ya Diyanet\u00ea [\u2026]<\/p>","protected":false},"author":1,"featured_media":0,"parent":0,"menu_order":0,"comment_status":"closed","ping_status":"closed","template":"","meta":{"footnotes":""},"class_list":["post-1647","page","type-page","status-publish","hentry"],"aioseo_notices":[],"_links":{"self":[{"href":"https:\/\/tatvancanhastanesi.com.tr\/ku\/wp-json\/wp\/v2\/pages\/1647","targetHints":{"allow":["GET"]}}],"collection":[{"href":"https:\/\/tatvancanhastanesi.com.tr\/ku\/wp-json\/wp\/v2\/pages"}],"about":[{"href":"https:\/\/tatvancanhastanesi.com.tr\/ku\/wp-json\/wp\/v2\/types\/page"}],"author":[{"embeddable":true,"href":"https:\/\/tatvancanhastanesi.com.tr\/ku\/wp-json\/wp\/v2\/users\/1"}],"replies":[{"embeddable":true,"href":"https:\/\/tatvancanhastanesi.com.tr\/ku\/wp-json\/wp\/v2\/comments?post=1647"}],"version-history":[{"count":0,"href":"https:\/\/tatvancanhastanesi.com.tr\/ku\/wp-json\/wp\/v2\/pages\/1647\/revisions"}],"wp:attachment":[{"href":"https:\/\/tatvancanhastanesi.com.tr\/ku\/wp-json\/wp\/v2\/media?parent=1647"}],"curies":[{"name":"wp","href":"https:\/\/api.w.org\/{rel}","templated":true}]}}