{"id":2237,"date":"2023-04-05T05:45:51","date_gmt":"2023-04-05T02:45:51","guid":{"rendered":"https:\/\/tatvancanhastanesi.com.tr\/?page_id=2237"},"modified":"2023-04-05T05:45:52","modified_gmt":"2023-04-05T02:45:52","slug":"gizlilik-politikasi","status":"publish","type":"page","link":"https:\/\/tatvancanhastanesi.com.tr\/ku\/gizlilik-politikasi\/","title":{"rendered":"Siyaseta Taybet\u00eetiy\u00ea"},"content":{"rendered":"<h2 class=\"wp-block-heading\">Em k\u00ee ne<\/h2>\n\n\n\n<p><strong class=\"privacy-policy-tutorial\">Niv\u00eesara p\u00ea\u015fniyarkir\u00ee: <\/strong>Navn\u00ee\u015fana malpera me: https:\/\/tatvancanhastanesi.com.tr.<\/p>\n\n\n\n<h2 class=\"wp-block-heading\">Comments<\/h2>\n\n\n\n<p><strong class=\"privacy-policy-tutorial\">Niv\u00eesara p\u00ea\u015fniyarkir\u00ee: <\/strong>Dema ku m\u00eavan li ser malper\u00ea \u015f\u00eeroveyan dih\u00ealin, em daney\u00ean ku di forma \u015f\u00eeroveyan de t\u00eane destn\u00ee\u015fan kirin berhev dikin, \u00fb her weha navn\u00ee\u015fana IP-ya serdanker \u00fb slug geroka ku ji bo tesp\u00eetkirina spam al\u00eekariy\u00ea dike.<\/p>\n\n\n\n<p>Niv\u00eesarek nenaskir\u00ee ku ji navn\u00ee\u015fana e-nameya we hat\u00ee \u00e7\u00eakirin (ku j\u00ea re hash j\u00ee t\u00ea gotin) dikare ji kar\u00fbbar\u00ea Gravatar re were peyda kirin da ku h\u00fbn bib\u00eenin ka h\u00fbn kar\u00fbbar\u00ea bikar t\u00eenin an na. Siyaseta nepen\u00eetiy\u00ea ya kar\u00fbbar\u00ea Gravatar li https:\/\/automattic.com\/privacy\/ ye. Pi\u015ft\u00ee ku \u015f\u00eeroveya we hate pejirandin, w\u00eaneya prof\u00eela we d\u00ea digel \u015f\u00eeroveya we ji her kes\u00ee re xuya bibe.<\/p>\n\n\n\n<h2 class=\"wp-block-heading\">Dor<\/h2>\n\n\n\n<p><strong class=\"privacy-policy-tutorial\">Niv\u00eesara p\u00ea\u015fniyarkir\u00ee: <\/strong>Heke h\u00fbn w\u00eaneyan li malper\u00ea bar dikin, div\u00ea h\u00fbn ji barkirina w\u00eaney\u00ean ku daney\u00ean c\u00eeh\u00ea bic\u00eeb\u00fby\u00ee (EXIF GPS) vedigirin d\u00fbr bixin. Ziyaretvan\u00ean malper\u00ea dikarin her agahdariya c\u00eeh\u00ea ji w\u00eaney\u00ean li ser malper\u00ea dak\u00ea\u015fin \u00fb derxin.<\/p>\n\n\n\n<h2 class=\"wp-block-heading\">Cookies<\/h2>\n\n\n\n<p><strong class=\"privacy-policy-tutorial\">Niv\u00eesara p\u00ea\u015fniyarkir\u00ee: <\/strong>Ger h\u00fbn \u015f\u00eeroveyek li ser malpera me bih\u00ealin h\u00fbn dikarin hilbij\u00earin ku nav, navn\u00ee\u015fana e-name \u00fb malpera xwe di nav cookies de hil\u00eenin. Vana ji bo rehetiya we ne, da ku h\u00fbn nekarin gava ku h\u00fbn \u015f\u00eeroveyek din bih\u00ealin, h\u00fbrguliy\u00ean xwe d\u00eesa dagirin. Ev \u00e7erez salek dim\u00eenin.<\/p>\n\n\n\n<p>Ger h\u00fbn serdana r\u00fbpela t\u00eaketin\u00ea ya me bikin, em \u00ea cookieyek demk\u00ee saz bikin da ku diyar bikin ger geroka we cookies qeb\u00fbl dike an na. Ev cookie tu daney\u00ean kesane dihew\u00eene \u00fb dema ku h\u00fbn geroka xwe digirin t\u00ea av\u00eatin.<\/p>\n\n\n\n<p>Dema ku h\u00fbn t\u00eakevin\u00ea, em \u00ea \u00e7end \u00e7erezan hil\u00eenin da ku agahdariya t\u00eaketina we \u00fb bijartina d\u00eemendera we hil\u00eenin. Kokiy\u00ean t\u00eaketin\u00ea du rojan dom dikin \u00fb \u00e7erez\u00ean vebijark\u00ean ekran\u00ea salek didom\u00eenin. Heke h\u00fbn vebijarka &quot;Min Bi b\u00eer b\u00eene&quot; hilbij\u00earin, t\u00eaketina we d\u00ea du hefte berdewam bike. Heke h\u00fbn ji hesab\u00ea xwe derkevin, d\u00ea cookies\u00ean t\u00eaketin\u00ea werin rakirin.<\/p>\n\n\n\n<p>Ger h\u00fbn gotarek\u00ea biguher\u00eenin an biwe\u015f\u00eenin, d\u00ea cookieyek z\u00eade di geroka we de were tomar kirin. Ev cookie tu daney\u00ean kesane dihew\u00eene \u00fb bi ten\u00ea nasnameya post\u00ea ya gotara ku we n\u00fb guherandiye destn\u00ee\u015fan dike. Ew pi\u015ft\u00ee 1 roj derbas dibe.<\/p>\n\n\n\n<h2 class=\"wp-block-heading\">Naveroka p\u00eavekir\u00ee ji malper\u00ean din<\/h2>\n\n\n\n<p><strong class=\"privacy-policy-tutorial\">Niv\u00eesara p\u00ea\u015fniyarkir\u00ee: <\/strong>Dibe ku gotar\u00ean li ser v\u00ea malper\u00ea naverokek p\u00eavekir\u00ee hebe (m\u00eenak v\u00eedyo, w\u00eane, gotar, hwd.). Naveroka p\u00eavekir\u00ee ya ji malper\u00ean din tam bi heman reng\u00ee tevdigere m\u00eena ku m\u00eavan serdana malpera din kiriye.<\/p>\n\n\n\n<p>Dibe ku ev malper daney\u00ean di derbar\u00ea we de berhev bikin, \u00e7erezan bikar b\u00eenin, \u015fopandina aliy\u00ean s\u00eayem\u00een \u00ean din bi cih bikin, \u00fb p\u00eawendiya we ya bi naveroka p\u00eavekir\u00ee re bi\u015fop\u00eenin, di nav de \u015fopandina t\u00eakiliya we ya bi naveroka p\u00eavekir\u00ee re heke h\u00fbn hesabek we hebe \u00fb t\u00eakevin w\u00ea malper\u00ea.<\/p>\n\n\n\n<h2 class=\"wp-block-heading\">Em daney\u00ean we bi k\u00ea re parve dikin?<\/h2>\n\n\n\n<p><strong class=\"privacy-policy-tutorial\">Niv\u00eesara p\u00ea\u015fniyarkir\u00ee: <\/strong>Dema ku h\u00fbn ji n\u00fbvekirina \u015f\u00eefreyek daxwaz dikin, navn\u00ee\u015fana IP-ya we li e-nameya n\u00fbvekirin\u00ea t\u00ea z\u00eade kirin.<\/p>\n\n\n\n<h2 class=\"wp-block-heading\">Keng\u00ee em daney\u00ean we dipar\u00eazin<\/h2>\n\n\n\n<p><strong class=\"privacy-policy-tutorial\">Niv\u00eesara p\u00ea\u015fniyarkir\u00ee: <\/strong>Ger h\u00fbn \u015f\u00eeroveyek bih\u00ealin, \u015f\u00eerove \u00fb metadata w\u00ea b\u00eadaw\u00ee t\u00eane girtin. Bi v\u00ee reng\u00ee em dikarin \u015f\u00eerovey\u00ean weya \u015fopandin\u00ea bixweber nas bikin \u00fb bipejir\u00eenin li \u015f\u00fbna ku wan di r\u00eazek nermb\u00fbn\u00ea de bih\u00ealin.<\/p>\n\n\n\n<p>Ji bo bikarh\u00eaner\u00ean ku li ser malpera me qeyd dikin (heke hebe), em agahdariya kesane ya ku ew di prof\u00eela bikarh\u00eaner\u00ea xwe de peyda dikin j\u00ee hil\u00eenin. Hem\u00ee bikarh\u00eaner dikarin her gav agahdariya kesane ya xwe bib\u00eenin, biguher\u00eenin an j\u00eabikin (ji bil\u00ee guhartina nav\u00ea bikarh\u00eaner). R\u00eavebir\u00ean malper\u00ea j\u00ee dikarin v\u00ea agahiy\u00ea bib\u00eenin \u00fb biguher\u00eenin.<\/p>\n\n\n\n<h2 class=\"wp-block-heading\">Maf\u00ean we li ser daney\u00ean we \u00e7i ne?<\/h2>\n\n\n\n<p><strong class=\"privacy-policy-tutorial\">Niv\u00eesara p\u00ea\u015fniyarkir\u00ee: <\/strong>Ger li ser v\u00ea malper\u00ea hesabek we hebe an \u015f\u00eerovey\u00ean we hi\u015ftine, h\u00fbn dikarin daxwaz bikin ku h\u00fbn pelek derhan\u00een a daney\u00ean kesane y\u00ean ku em derheq\u00ea we de digirin, di nav de hem\u00ee daney\u00ean ku we ji me re peyda kirine, bist\u00eenin. Her weha h\u00fbn dikarin daxwaz bikin ku daney\u00ean kesane y\u00ean ku em derheq\u00ea we de digirin j\u00eabirin. Di v\u00ea yek\u00ea de tu daney\u00ean ku em ji bo mebest\u00ean \u00eedar\u00ee, qan\u00fbn\u00ee an ewlehiy\u00ea p\u00ea ve gir\u00eaday\u00ee ne di nav xwe de ne.<\/p>\n\n\n\n<h2 class=\"wp-block-heading\">Li ku der\u00ea daney\u00ean we t\u00eane \u015fandin<\/h2>\n\n\n\n<p><strong class=\"privacy-policy-tutorial\">Niv\u00eesara p\u00ea\u015fniyarkir\u00ee: <\/strong>Dibe ku \u015f\u00eerovey\u00ean m\u00eavanan bi navg\u00eeniya kar\u00fbbarek tesp\u00eetkirina spam-\u00ea ya otomat\u00eek\u00ee were kontrol kirin.<\/p>","protected":false},"excerpt":{"rendered":"<p>Em k\u00ee ne Niv\u00eesa p\u00ea\u015fniyarkir\u00ee: Navn\u00ee\u015fana malpera me: https:\/\/tatvancanhastanesi.com.tr. \u015e\u00eerove Niv\u00eesa p\u00ea\u015fniyarkir\u00ee: Dema ku m\u00eavan li ser malper\u00ea \u015f\u00eeroveyan dih\u00ealin, ew daney\u00ean ku di forma \u015f\u00eerovey\u00ea de t\u00eane n\u00ee\u015fandan \u00fb her weha [\u2026] nexwest\u00ee bikar t\u00eenin.<\/p>","protected":false},"author":1,"featured_media":0,"parent":0,"menu_order":0,"comment_status":"closed","ping_status":"closed","template":"","meta":{"footnotes":""},"class_list":["post-2237","page","type-page","status-publish","hentry"],"aioseo_notices":[],"_links":{"self":[{"href":"https:\/\/tatvancanhastanesi.com.tr\/ku\/wp-json\/wp\/v2\/pages\/2237","targetHints":{"allow":["GET"]}}],"collection":[{"href":"https:\/\/tatvancanhastanesi.com.tr\/ku\/wp-json\/wp\/v2\/pages"}],"about":[{"href":"https:\/\/tatvancanhastanesi.com.tr\/ku\/wp-json\/wp\/v2\/types\/page"}],"author":[{"embeddable":true,"href":"https:\/\/tatvancanhastanesi.com.tr\/ku\/wp-json\/wp\/v2\/users\/1"}],"replies":[{"embeddable":true,"href":"https:\/\/tatvancanhastanesi.com.tr\/ku\/wp-json\/wp\/v2\/comments?post=2237"}],"version-history":[{"count":0,"href":"https:\/\/tatvancanhastanesi.com.tr\/ku\/wp-json\/wp\/v2\/pages\/2237\/revisions"}],"wp:attachment":[{"href":"https:\/\/tatvancanhastanesi.com.tr\/ku\/wp-json\/wp\/v2\/media?parent=2237"}],"curies":[{"name":"wp","href":"https:\/\/api.w.org\/{rel}","templated":true}]}}