{"id":2501,"date":"2023-09-10T23:17:30","date_gmt":"2023-09-10T20:17:30","guid":{"rendered":"https:\/\/tatvancanhastanesi.com.tr\/?page_id=2501"},"modified":"2023-09-10T23:18:25","modified_gmt":"2023-09-10T20:18:25","slug":"organizasyon-semasi","status":"publish","type":"page","link":"https:\/\/tatvancanhastanesi.com.tr\/ku\/organizasyon-semasi\/","title":{"rendered":"Nex\u015feya r\u00eaxistin\u00ea"},"content":{"rendered":"<div data-elementor-type=\"wp-page\" data-elementor-id=\"2501\" class=\"elementor elementor-2501\">\n\t\t\t\t\t\t\t\t\t<section class=\"elementor-section elementor-top-section elementor-element elementor-element-ba24f32 elementor-section-boxed elementor-section-height-default elementor-section-height-default\" data-id=\"ba24f32\" data-element_type=\"section\">\n\t\t\t\t\t\t<div class=\"elementor-container elementor-column-gap-default\">\n\t\t\t\t\t<div class=\"elementor-column elementor-col-100 elementor-top-column elementor-element elementor-element-f5e9492\" data-id=\"f5e9492\" data-element_type=\"column\">\n\t\t\t<div class=\"elementor-widget-wrap elementor-element-populated\">\n\t\t\t\t\t\t\t\t<div class=\"elementor-element elementor-element-abc27ff elementor-widget elementor-widget-image\" data-id=\"abc27ff\" data-element_type=\"widget\" data-widget_type=\"image.default\">\n\t\t\t\t<div class=\"elementor-widget-container\">\n\t\t\t<style>\/*! elementor - v3.12.1 - 02-04-2023 *\/\n.elementor-widget-image{text-align:center}.elementor-widget-image a{display:inline-block}.elementor-widget-image a img[src$=\".svg\"]{width:48px}.elementor-widget-image img{vertical-align:middle;display:inline-block}<\/style>\t\t\t\t\t\t\t\t\t\t\t\t<img loading=\"lazy\" decoding=\"async\" width=\"1000\" height=\"705\" src=\"https:\/\/tatvancanhastanesi.com.tr\/wp-content\/uploads\/2023\/09\/WhatsApp-Image-2023-09-10-at-23.08.24-1024x722.jpeg\" class=\"attachment-large size-large wp-image-2505\" alt=\"\" srcset=\"https:\/\/tatvancanhastanesi.com.tr\/wp-content\/uploads\/2023\/09\/WhatsApp-Image-2023-09-10-at-23.08.24-1024x722.jpeg 1024w, https:\/\/tatvancanhastanesi.com.tr\/wp-content\/uploads\/2023\/09\/WhatsApp-Image-2023-09-10-at-23.08.24-300x212.jpeg 300w, https:\/\/tatvancanhastanesi.com.tr\/wp-content\/uploads\/2023\/09\/WhatsApp-Image-2023-09-10-at-23.08.24-768x541.jpeg 768w, https:\/\/tatvancanhastanesi.com.tr\/wp-content\/uploads\/2023\/09\/WhatsApp-Image-2023-09-10-at-23.08.24-1536x1083.jpeg 1536w, https:\/\/tatvancanhastanesi.com.tr\/wp-content\/uploads\/2023\/09\/WhatsApp-Image-2023-09-10-at-23.08.24-18x12.jpeg 18w, https:\/\/tatvancanhastanesi.com.tr\/wp-content\/uploads\/2023\/09\/WhatsApp-Image-2023-09-10-at-23.08.24-650x458.jpeg 650w, https:\/\/tatvancanhastanesi.com.tr\/wp-content\/uploads\/2023\/09\/WhatsApp-Image-2023-09-10-at-23.08.24.jpeg 1600w\" sizes=\"auto, (max-width: 1000px) 100vw, 1000px\" \/>\t\t\t\t\t\t\t\t\t\t\t\t\t\t\t<\/div>\n\t\t\t\t<\/div>\n\t\t\t\t\t<\/div>\n\t\t<\/div>\n\t\t\t\t\t\t\t<\/div>\n\t\t<\/section>\n\t\t\t\t\t\t\t<\/div>","protected":false},"excerpt":{"rendered":"","protected":false},"author":1,"featured_media":0,"parent":0,"menu_order":0,"comment_status":"closed","ping_status":"closed","template":"","meta":{"footnotes":""},"class_list":["post-2501","page","type-page","status-publish","hentry"],"aioseo_notices":[],"_links":{"self":[{"href":"https:\/\/tatvancanhastanesi.com.tr\/ku\/wp-json\/wp\/v2\/pages\/2501","targetHints":{"allow":["GET"]}}],"collection":[{"href":"https:\/\/tatvancanhastanesi.com.tr\/ku\/wp-json\/wp\/v2\/pages"}],"about":[{"href":"https:\/\/tatvancanhastanesi.com.tr\/ku\/wp-json\/wp\/v2\/types\/page"}],"author":[{"embeddable":true,"href":"https:\/\/tatvancanhastanesi.com.tr\/ku\/wp-json\/wp\/v2\/users\/1"}],"replies":[{"embeddable":true,"href":"https:\/\/tatvancanhastanesi.com.tr\/ku\/wp-json\/wp\/v2\/comments?post=2501"}],"version-history":[{"count":4,"href":"https:\/\/tatvancanhastanesi.com.tr\/ku\/wp-json\/wp\/v2\/pages\/2501\/revisions"}],"predecessor-version":[{"id":2508,"href":"https:\/\/tatvancanhastanesi.com.tr\/ku\/wp-json\/wp\/v2\/pages\/2501\/revisions\/2508"}],"wp:attachment":[{"href":"https:\/\/tatvancanhastanesi.com.tr\/ku\/wp-json\/wp\/v2\/media?parent=2501"}],"curies":[{"name":"wp","href":"https:\/\/api.w.org\/{rel}","templated":true}]}}